{"id":702,"date":"2025-09-09T14:10:28","date_gmt":"2025-09-09T12:10:28","guid":{"rendered":"https:\/\/cremer.werbago.com\/?page_id=702"},"modified":"2025-09-09T14:32:28","modified_gmt":"2025-09-09T12:32:28","slug":"datenschutz","status":"publish","type":"page","link":"https:\/\/www.schrott-cremer.de\/index.php\/datenschutz\/","title":{"rendered":"Datenschutz"},"content":{"rendered":"\t\t<div data-elementor-type=\"wp-page\" data-elementor-id=\"702\" class=\"elementor elementor-702\" data-elementor-post-type=\"page\">\n\t\t\t\t<div class=\"elementor-element elementor-element-835e4b5 e-flex e-con-boxed e-con e-parent\" data-id=\"835e4b5\" data-element_type=\"container\" data-e-type=\"container\">\n\t\t\t\t\t<div class=\"e-con-inner\">\n\t\t\t\t<div class=\"elementor-element elementor-element-7cd8d0f elementor-widget elementor-widget-heading\" data-id=\"7cd8d0f\" data-element_type=\"widget\" data-e-type=\"widget\" data-widget_type=\"heading.default\">\n\t\t\t\t<div class=\"elementor-widget-container\">\n\t\t\t\t\t<div class=\"elementor-heading-title elementor-size-default\">Datenschutz<\/div>\t\t\t\t<\/div>\n\t\t\t\t<\/div>\n\t\t\t\t<div class=\"elementor-element elementor-element-9d0ec1e elementor-widget elementor-widget-text-editor\" data-id=\"9d0ec1e\" data-element_type=\"widget\" data-e-type=\"widget\" data-widget_type=\"text-editor.default\">\n\t\t\t\t<div class=\"elementor-widget-container\">\n\t\t\t\t\t\t\t\t\t<p><strong>1. Schutz Ihrer Daten<\/strong><\/p><p>Die\u00a0<strong>H. W. Cremer Schrottgro\u00dfhandel GmbH\u00a0<\/strong>m\u00f6chte Ihre Privatsph\u00e4re sch\u00fctzen und hat sich bei der Gestaltung dieser Website zur Einhaltung der anwendbaren Rechtsvorschriften, zum Schutz personenbezogener Daten sowie zur Datensicherheit verpflichtet. Sie verarbeitet Ihre Daten daher ausschlie\u00dflich auf Grundlage der gesetzlichen Bestimmungen der EU, insbesondere der Datenschutzgrundverordnung (DSGVO, TKG 2003). Im Folgenden m\u00f6chten wir Sie davon in Kenntnis setzen, unter welchen Bedingungen Daten von Ihnen bei uns gespeichert werden und wie wir damit umgehen. Gleichzeitig finden Sie am Ende der Erkl\u00e4rung die entsprechenden Kontaktdaten unserer Ansprechpartner bei einem datenschutzspezifische Anliegen.<\/p><p><strong>2. Zweck einer etwaigen Datenspeicherung<\/strong><\/p><p>\u00dcber unsere Internetpr\u00e4senz bringen wir keinerlei personenbezogenen Daten von Ihnen in Erfahrung (wie bspw. Namen, Anschrift, Telefonnummer oder E-Mail-Adresse), es sei denn, dass sie uns diese durch Kontaktierung Ihrerseits zur Verf\u00fcgung stellen (z. B. bei Auftr\u00e4gen, Anfragen oder Bewerbungen). Zum Zwecke der Vertragsabwicklung, sowie f\u00fcr Bewerbungsprozesse werden folgende Daten f\u00fcr eine eventuelle Kontaktaufnahme bei uns gespeichert:, Name, Anschrift, E-Mail-Adresse. Diese Daten fallen an, wenn Sie sie uns per E-Mail zukommen lassen. Die von Ihnen bereit gestellten Daten sind zur Vertragserf\u00fcllung bzw. zur Durchf\u00fchrung vorvertraglicher Ma\u00dfnahmen erforderlich. Ohne diese Daten k\u00f6nnen wir keinen Vertrag mit Ihnen schlie\u00dfen.<\/p><p>Eine Daten\u00fcbermittlung an Dritte erfolgt grunds\u00e4tzlich nicht, mit Ausnahme der \u00dcbermittlung das von uns beauftragten Versandunternehmen zur Zustellung von Unterlagen und sonstigen Schriftst\u00fccken sowie ggf. an Finanz\u00e4mter zur Erf\u00fcllung unserer steuerrechtlichen Verpflichtungen. Wir versichern, dass die von uns auf diese Weise weitergeleiteten Daten den gesetzlichen Vorgaben entsprechen und dass Daten nur an diese Stellen \u00fcbersendet werden. Wenn Sie diesbez\u00fcglich Anfragen haben, wenden Sie sich bitte an Herrn Thomas Cremer.<\/p><p>Wir weisen darauf hin, dass die Daten\u00fcbertragung im Internet (z.B. bei der Kommunikation per E-Mail) Sicherheitsl\u00fccken aufweisen kann. Ein l\u00fcckenloser Schutz der Daten vor dem Zugriff durch Dritte ist nicht m\u00f6glich. Wir ergreifen dennoch alle technisch m\u00f6glichen Ma\u00dfnahmen, damit die von uns erhobenen Daten nicht durch Dritte von au\u00dfen eingesehen oder heruntergeladen werden k\u00f6nnen. Die Datenverarbeitung erfolgt auf Basis der gesetzlichen Bestimmungen des \u00a7 96 Abs. 3 TKG sowie des Art 6 Abs. 1 lit. a (Einwilligung) und\/oder lit. b (notwendig zur Vertragserf\u00fcllung) der DSGVO.<\/p><p><strong>3. Cookies<\/strong><\/p><p>Wir weisen Sie darauf hin, dass unsere Website Cookies verwendet, die mit Hilfe des Browsers auf Ihrem Endger\u00e4t, Smartphone, Laptop, Computer etc. gespeichert werden. Diese sind unsch\u00e4dlich und verfolgen ausschlie\u00dflich den Zweck, unsere Websites benutzerfreundlich zu gestalten. Einige dieser bleiben auf Ihrem Endger\u00e4t gespeichert, bis Sie diese selbst l\u00f6schen. Hierdurch soll f\u00fcr eine benutzerfreundliche Nutzung erm\u00f6glicht werden, dass wir Ihren Browser beim n\u00e4chsten Besuch wiederzuerkennen. Wenn Sie dies nicht m\u00f6chten, so k\u00f6nnen Sie Ihren Browser so einrichten, dass er Sie \u00fcber das Setzen von Cookies informiert und Sie die Cookies dann nur im Einzelfall erlauben. Leider kann, wenn Sie diese Cookies ablehnen, die Funktionalit\u00e4t unserer Website eingeschr\u00e4nkt sein.<\/p><p><strong>4. Ihre Rechte<\/strong><\/p><p>Ihnen stehen grunds\u00e4tzlich die Rechte auf Auskunft, Berichtigung, L\u00f6schung, Einschr\u00e4nkung, Daten\u00fcbertragbarkeit, Widerruf und Widerspruch zu. Das bedeutet, Sie k\u00f6nnen Auskunft dar\u00fcber erheben, welche Daten wir wie lange und wozu erheben. Sie haben das Recht auf eine Berichtigung, L\u00f6schung oder Sperrung der Daten. Zudem k\u00f6nnen Sie der k\u00fcnftigen Erhebung von Daten mittels eines Widerrufs widerrufen.<\/p><p>Wenn Sie der Ansicht sind, dass die Verarbeitung Ihrer Daten gegen das Datenschutzrecht verst\u00f6\u00dft oder Ihre datenschutzrechtlichen Anspr\u00fcche anderweitig verletzt worden sind, k\u00f6nnen Sie sich bei uns, unserem Datenschutzbeauftragten oder der Aufsichtsbeh\u00f6rde beschweren.<\/p><p><strong>5. Nutzung von Google Analytics<\/strong><\/p><p>Diese Website benutzt Google Analytics, einen Webanalysedienst der Google Inc. (\u201cGoogle\u201d). Google Analytics verwendet sog. \u201cCookies\u201d, Textdateien, die auf Ihrem Computer gespeichert werden und die eine Analyse der Benutzung der Website durch Sie erm\u00f6glichen. Die durch den Cookie erzeugten Informationen \u00fcber Ihre Benutzung dieser Website werden in der Regel an einen Server von Google in den USA \u00fcbertragen und dort gespeichert. Im Falle der Aktivierung der IP-Anonymisierung auf dieser Webseite wird Ihre IP-Adresse von Google jedoch innerhalb von Mitgliedstaaten der Europ\u00e4ischen Union oder in anderen Vertragsstaaten des Abkommens \u00fcber den Europ\u00e4ischen Wirtschaftsraum zuvor gek\u00fcrzt.<\/p><p>Nur in Ausnahmef\u00e4llen wird die volle IP-Adresse an einen Server von Google in den USA \u00fcbertragen und dort gek\u00fcrzt. Im Auftrag des Betreibers dieser Website wird Google diese Informationen benutzen, um Ihre Nutzung der Website auszuwerten, um Reports \u00fcber die Websiteaktivit\u00e4ten zusammenzustellen und um weitere mit der Websitenutzung und der Internetnutzung verbundene Dienstleistungen gegen\u00fcber dem Websitebetreiber zu erbringen. Die im Rahmen von Google Analytics von Ihrem Browser \u00fcbermittelte IP-Adresse wird nicht mit anderen Daten von Google zusammengef\u00fchrt. Sie k\u00f6nnen die Speicherung der Cookies durch eine entsprechende Einstellung Ihrer Browser-Software verhindern; wir weisen Sie jedoch darauf hin, dass Sie in diesem Fall gegebenenfalls nicht s\u00e4mtliche Funktionen dieser Website vollumf\u00e4nglich werden nutzen k\u00f6nnen. Sie k\u00f6nnen dar\u00fcber hinaus die Erfassung der durch das Cookie erzeugten und auf Ihre Nutzung der Website bezogenen Daten (inkl. Ihrer IP-Adresse) an Google sowie die Verarbeitung dieser Daten durch Google verhindern, indem sie das unter dem folgenden Link verf\u00fcgbare Browser-Plugin herunterladen und installieren: http:\/\/tools.google.com\/dlpage\/gaoptout?hl=de .<\/p><p><strong>6. Kontakte\u00a0<\/strong><\/p><p>Sie erreichen uns unter folgenden Kontaktdaten: Herr Thomas Cremer , H. W. Cremer Schrottgro\u00dfhandel GmbH, Loher H\u00f6he 12 \/ Gewerbegebiet Loh, 42283 Wuppertal, Telefon: +49 (0)202 84810, Telefax: +49 (0)202 86040, E-Mail: info@schrott-cremer.de<\/p><p><strong>7. Stand der Erkl\u00e4rung<\/strong><\/p><p>Die laufende technische Weiterentwicklung im Bereich der IT-Technologie und des Internet bedingt auch eine Anpassung der bestehenden Datenschutzerkl\u00e4rung. Wir behalten uns daher das Recht vor, Erg\u00e4nzungen oder \u00c4nderungen an der vorliegenden Datenschutzerkl\u00e4rung vorzunehmen. Der aktuelle Stand dieser Erkl\u00e4rung datiert vom 24. Mai 2018.<\/p>\t\t\t\t\t\t\t\t<\/div>\n\t\t\t\t<\/div>\n\t\t\t\t\t<\/div>\n\t\t\t\t<\/div>\n\t\t\t\t<\/div>\n\t\t","protected":false},"excerpt":{"rendered":"<p>Datenschutz 1. Schutz Ihrer Daten Die\u00a0H. W. Cremer Schrottgro\u00dfhandel GmbH\u00a0m\u00f6chte Ihre Privatsph\u00e4re sch\u00fctzen und hat sich bei der Gestaltung dieser Website zur Einhaltung der anwendbaren Rechtsvorschriften, zum Schutz personenbezogener Daten sowie zur Datensicherheit verpflichtet. Sie verarbeitet Ihre Daten daher ausschlie\u00dflich auf Grundlage der gesetzlichen Bestimmungen der EU, insbesondere der Datenschutzgrundverordnung (DSGVO, TKG 2003). Im Folgenden [&hellip;]<\/p>\n","protected":false},"author":1,"featured_media":0,"parent":0,"menu_order":0,"comment_status":"closed","ping_status":"closed","template":"elementor_header_footer","meta":{"om_disable_all_campaigns":false,"_monsterinsights_skip_tracking":false,"_monsterinsights_sitenote_active":false,"_monsterinsights_sitenote_note":"","_monsterinsights_sitenote_category":0,"footnotes":""},"class_list":["post-702","page","type-page","status-publish","hentry"],"aioseo_notices":[],"aioseo_head":"\n\t\t<!-- All in One SEO Pro 4.9.4.1 - aioseo.com -->\n\t<meta name=\"description\" content=\"Datenschutz 1. Schutz Ihrer DatenDie H. W. Cremer Schrottgro\u00dfhandel GmbH m\u00f6chte Ihre Privatsph\u00e4re sch\u00fctzen und hat sich bei der Gestaltung dieser Website zur Einhaltung der anwendbaren Rechtsvorschriften, zum Schutz personenbezogener Daten sowie zur Datensicherheit verpflichtet. Sie verarbeitet Ihre Daten daher ausschlie\u00dflich auf Grundlage der gesetzlichen Bestimmungen der EU, insbesondere der Datenschutzgrundverordnung (DSGVO, TKG 2003). Im Folgenden m\u00f6chten\" \/>\n\t<meta name=\"robots\" content=\"max-image-preview:large\" \/>\n\t<meta name=\"google-site-verification\" content=\"qzB-0bDNT94uwGB6FapjcQrzNiTEDvTaGtx6u9w7Jh8\" \/>\n\t<link rel=\"canonical\" href=\"https:\/\/www.schrott-cremer.de\/index.php\/datenschutz\/\" \/>\n\t<meta name=\"generator\" content=\"All in One SEO Pro (AIOSEO) 4.9.4.1\" \/>\n\t\t<meta property=\"og:locale\" content=\"de_DE\" \/>\n\t\t<meta property=\"og:site_name\" content=\"H.W.CREMER - Schrottgro\u00dfhandel\" \/>\n\t\t<meta property=\"og:type\" content=\"article\" \/>\n\t\t<meta property=\"og:title\" content=\"Datenschutz - H.W.CREMER\" \/>\n\t\t<meta property=\"og:description\" content=\"Datenschutz 1. Schutz Ihrer DatenDie H. W. Cremer Schrottgro\u00dfhandel GmbH m\u00f6chte Ihre Privatsph\u00e4re sch\u00fctzen und hat sich bei der Gestaltung dieser Website zur Einhaltung der anwendbaren Rechtsvorschriften, zum Schutz personenbezogener Daten sowie zur Datensicherheit verpflichtet. Sie verarbeitet Ihre Daten daher ausschlie\u00dflich auf Grundlage der gesetzlichen Bestimmungen der EU, insbesondere der Datenschutzgrundverordnung (DSGVO, TKG 2003). Im Folgenden m\u00f6chten\" \/>\n\t\t<meta property=\"og:url\" content=\"https:\/\/www.schrott-cremer.de\/index.php\/datenschutz\/\" \/>\n\t\t<meta property=\"og:image\" content=\"https:\/\/www.schrott-cremer.de\/wp-content\/uploads\/2023\/04\/cremer-logo.png\" \/>\n\t\t<meta property=\"og:image:secure_url\" content=\"https:\/\/www.schrott-cremer.de\/wp-content\/uploads\/2023\/04\/cremer-logo.png\" \/>\n\t\t<meta property=\"article:published_time\" content=\"2025-09-09T12:10:28+00:00\" \/>\n\t\t<meta property=\"article:modified_time\" content=\"2025-09-09T12:32:28+00:00\" \/>\n\t\t<meta name=\"twitter:card\" content=\"summary_large_image\" \/>\n\t\t<meta name=\"twitter:title\" content=\"Datenschutz - H.W.CREMER\" \/>\n\t\t<meta name=\"twitter:description\" content=\"Datenschutz 1. Schutz Ihrer DatenDie H. W. Cremer Schrottgro\u00dfhandel GmbH m\u00f6chte Ihre Privatsph\u00e4re sch\u00fctzen und hat sich bei der Gestaltung dieser Website zur Einhaltung der anwendbaren Rechtsvorschriften, zum Schutz personenbezogener Daten sowie zur Datensicherheit verpflichtet. Sie verarbeitet Ihre Daten daher ausschlie\u00dflich auf Grundlage der gesetzlichen Bestimmungen der EU, insbesondere der Datenschutzgrundverordnung (DSGVO, TKG 2003). Im Folgenden m\u00f6chten\" \/>\n\t\t<meta name=\"twitter:image\" content=\"https:\/\/www.schrott-cremer.de\/wp-content\/uploads\/2023\/04\/cremer-logo.png\" \/>\n\t\t<script type=\"application\/ld+json\" class=\"aioseo-schema\">\n\t\t\t{\"@context\":\"https:\\\/\\\/schema.org\",\"@graph\":[{\"@type\":\"BreadcrumbList\",\"@id\":\"https:\\\/\\\/www.schrott-cremer.de\\\/index.php\\\/datenschutz\\\/#breadcrumblist\",\"itemListElement\":[{\"@type\":\"ListItem\",\"@id\":\"https:\\\/\\\/www.schrott-cremer.de#listItem\",\"position\":1,\"name\":\"Home\",\"item\":\"https:\\\/\\\/www.schrott-cremer.de\",\"nextItem\":{\"@type\":\"ListItem\",\"@id\":\"https:\\\/\\\/www.schrott-cremer.de\\\/index.php\\\/datenschutz\\\/#listItem\",\"name\":\"Datenschutz\"}},{\"@type\":\"ListItem\",\"@id\":\"https:\\\/\\\/www.schrott-cremer.de\\\/index.php\\\/datenschutz\\\/#listItem\",\"position\":2,\"name\":\"Datenschutz\",\"previousItem\":{\"@type\":\"ListItem\",\"@id\":\"https:\\\/\\\/www.schrott-cremer.de#listItem\",\"name\":\"Home\"}}]},{\"@type\":\"Organization\",\"@id\":\"https:\\\/\\\/www.schrott-cremer.de\\\/#organization\",\"name\":\"Vorlage WordPress\",\"description\":\"Schrottgro\\u00dfhandel\",\"url\":\"https:\\\/\\\/www.schrott-cremer.de\\\/\",\"email\":\"info@schrott-cremer.de\",\"telephone\":\"+4920284810\",\"logo\":{\"@type\":\"ImageObject\",\"url\":\"https:\\\/\\\/www.schrott-cremer.de\\\/wp-content\\\/uploads\\\/2025\\\/08\\\/cropped-footer-logo-2.png\",\"@id\":\"https:\\\/\\\/www.schrott-cremer.de\\\/index.php\\\/datenschutz\\\/#organizationLogo\",\"width\":124,\"height\":94},\"image\":{\"@id\":\"https:\\\/\\\/www.schrott-cremer.de\\\/index.php\\\/datenschutz\\\/#organizationLogo\"}},{\"@type\":\"WebPage\",\"@id\":\"https:\\\/\\\/www.schrott-cremer.de\\\/index.php\\\/datenschutz\\\/#webpage\",\"url\":\"https:\\\/\\\/www.schrott-cremer.de\\\/index.php\\\/datenschutz\\\/\",\"name\":\"Datenschutz - H.W.CREMER\",\"description\":\"Datenschutz 1. Schutz Ihrer DatenDie H. W. Cremer Schrottgro\\u00dfhandel GmbH m\\u00f6chte Ihre Privatsph\\u00e4re sch\\u00fctzen und hat sich bei der Gestaltung dieser Website zur Einhaltung der anwendbaren Rechtsvorschriften, zum Schutz personenbezogener Daten sowie zur Datensicherheit verpflichtet. Sie verarbeitet Ihre Daten daher ausschlie\\u00dflich auf Grundlage der gesetzlichen Bestimmungen der EU, insbesondere der Datenschutzgrundverordnung (DSGVO, TKG 2003). Im Folgenden m\\u00f6chten\",\"inLanguage\":\"de-DE\",\"isPartOf\":{\"@id\":\"https:\\\/\\\/www.schrott-cremer.de\\\/#website\"},\"breadcrumb\":{\"@id\":\"https:\\\/\\\/www.schrott-cremer.de\\\/index.php\\\/datenschutz\\\/#breadcrumblist\"},\"datePublished\":\"2025-09-09T14:10:28+02:00\",\"dateModified\":\"2025-09-09T14:32:28+02:00\"},{\"@type\":\"WebSite\",\"@id\":\"https:\\\/\\\/www.schrott-cremer.de\\\/#website\",\"url\":\"https:\\\/\\\/www.schrott-cremer.de\\\/\",\"name\":\"H.W.CREMER\",\"description\":\"Schrottgro\\u00dfhandel\",\"inLanguage\":\"de-DE\",\"publisher\":{\"@id\":\"https:\\\/\\\/www.schrott-cremer.de\\\/#organization\"}}]}\n\t\t<\/script>\n\t\t<!-- All in One SEO Pro -->\r\n\t\t<title>Datenschutz - H.W.CREMER<\/title>\n\n","aioseo_head_json":{"title":"Datenschutz - H.W.CREMER","description":"Datenschutz 1. Schutz Ihrer DatenDie H. W. Cremer Schrottgro\u00dfhandel GmbH m\u00f6chte Ihre Privatsph\u00e4re sch\u00fctzen und hat sich bei der Gestaltung dieser Website zur Einhaltung der anwendbaren Rechtsvorschriften, zum Schutz personenbezogener Daten sowie zur Datensicherheit verpflichtet. Sie verarbeitet Ihre Daten daher ausschlie\u00dflich auf Grundlage der gesetzlichen Bestimmungen der EU, insbesondere der Datenschutzgrundverordnung (DSGVO, TKG 2003). Im Folgenden m\u00f6chten","canonical_url":"https:\/\/www.schrott-cremer.de\/index.php\/datenschutz\/","robots":"max-image-preview:large","keywords":"","webmasterTools":{"google-site-verification":"qzB-0bDNT94uwGB6FapjcQrzNiTEDvTaGtx6u9w7Jh8","miscellaneous":""},"schema":{"@context":"https:\/\/schema.org","@graph":[{"@type":"BreadcrumbList","@id":"https:\/\/www.schrott-cremer.de\/index.php\/datenschutz\/#breadcrumblist","itemListElement":[{"@type":"ListItem","@id":"https:\/\/www.schrott-cremer.de#listItem","position":1,"name":"Home","item":"https:\/\/www.schrott-cremer.de","nextItem":{"@type":"ListItem","@id":"https:\/\/www.schrott-cremer.de\/index.php\/datenschutz\/#listItem","name":"Datenschutz"}},{"@type":"ListItem","@id":"https:\/\/www.schrott-cremer.de\/index.php\/datenschutz\/#listItem","position":2,"name":"Datenschutz","previousItem":{"@type":"ListItem","@id":"https:\/\/www.schrott-cremer.de#listItem","name":"Home"}}]},{"@type":"Organization","@id":"https:\/\/www.schrott-cremer.de\/#organization","name":"Vorlage WordPress","description":"Schrottgro\u00dfhandel","url":"https:\/\/www.schrott-cremer.de\/","email":"info@schrott-cremer.de","telephone":"+4920284810","logo":{"@type":"ImageObject","url":"https:\/\/www.schrott-cremer.de\/wp-content\/uploads\/2025\/08\/cropped-footer-logo-2.png","@id":"https:\/\/www.schrott-cremer.de\/index.php\/datenschutz\/#organizationLogo","width":124,"height":94},"image":{"@id":"https:\/\/www.schrott-cremer.de\/index.php\/datenschutz\/#organizationLogo"}},{"@type":"WebPage","@id":"https:\/\/www.schrott-cremer.de\/index.php\/datenschutz\/#webpage","url":"https:\/\/www.schrott-cremer.de\/index.php\/datenschutz\/","name":"Datenschutz - H.W.CREMER","description":"Datenschutz 1. Schutz Ihrer DatenDie H. W. Cremer Schrottgro\u00dfhandel GmbH m\u00f6chte Ihre Privatsph\u00e4re sch\u00fctzen und hat sich bei der Gestaltung dieser Website zur Einhaltung der anwendbaren Rechtsvorschriften, zum Schutz personenbezogener Daten sowie zur Datensicherheit verpflichtet. Sie verarbeitet Ihre Daten daher ausschlie\u00dflich auf Grundlage der gesetzlichen Bestimmungen der EU, insbesondere der Datenschutzgrundverordnung (DSGVO, TKG 2003). Im Folgenden m\u00f6chten","inLanguage":"de-DE","isPartOf":{"@id":"https:\/\/www.schrott-cremer.de\/#website"},"breadcrumb":{"@id":"https:\/\/www.schrott-cremer.de\/index.php\/datenschutz\/#breadcrumblist"},"datePublished":"2025-09-09T14:10:28+02:00","dateModified":"2025-09-09T14:32:28+02:00"},{"@type":"WebSite","@id":"https:\/\/www.schrott-cremer.de\/#website","url":"https:\/\/www.schrott-cremer.de\/","name":"H.W.CREMER","description":"Schrottgro\u00dfhandel","inLanguage":"de-DE","publisher":{"@id":"https:\/\/www.schrott-cremer.de\/#organization"}}]},"og:locale":"de_DE","og:site_name":"H.W.CREMER - Schrottgro\u00dfhandel","og:type":"article","og:title":"Datenschutz - H.W.CREMER","og:description":"Datenschutz 1. Schutz Ihrer DatenDie H. W. Cremer Schrottgro\u00dfhandel GmbH m\u00f6chte Ihre Privatsph\u00e4re sch\u00fctzen und hat sich bei der Gestaltung dieser Website zur Einhaltung der anwendbaren Rechtsvorschriften, zum Schutz personenbezogener Daten sowie zur Datensicherheit verpflichtet. Sie verarbeitet Ihre Daten daher ausschlie\u00dflich auf Grundlage der gesetzlichen Bestimmungen der EU, insbesondere der Datenschutzgrundverordnung (DSGVO, TKG 2003). Im Folgenden m\u00f6chten","og:url":"https:\/\/www.schrott-cremer.de\/index.php\/datenschutz\/","og:image":"https:\/\/www.schrott-cremer.de\/wp-content\/uploads\/2023\/04\/cremer-logo.png","og:image:secure_url":"https:\/\/www.schrott-cremer.de\/wp-content\/uploads\/2023\/04\/cremer-logo.png","article:published_time":"2025-09-09T12:10:28+00:00","article:modified_time":"2025-09-09T12:32:28+00:00","twitter:card":"summary_large_image","twitter:title":"Datenschutz - H.W.CREMER","twitter:description":"Datenschutz 1. Schutz Ihrer DatenDie H. W. Cremer Schrottgro\u00dfhandel GmbH m\u00f6chte Ihre Privatsph\u00e4re sch\u00fctzen und hat sich bei der Gestaltung dieser Website zur Einhaltung der anwendbaren Rechtsvorschriften, zum Schutz personenbezogener Daten sowie zur Datensicherheit verpflichtet. Sie verarbeitet Ihre Daten daher ausschlie\u00dflich auf Grundlage der gesetzlichen Bestimmungen der EU, insbesondere der Datenschutzgrundverordnung (DSGVO, TKG 2003). Im Folgenden m\u00f6chten","twitter:image":"https:\/\/www.schrott-cremer.de\/wp-content\/uploads\/2023\/04\/cremer-logo.png"},"aioseo_meta_data":{"post_id":"702","title":null,"description":null,"keywords":null,"keyphrases":null,"primary_term":null,"canonical_url":null,"og_title":null,"og_description":null,"og_object_type":"default","og_image_type":"default","og_image_url":null,"og_image_width":null,"og_image_height":null,"og_image_custom_url":null,"og_image_custom_fields":null,"og_video":null,"og_custom_url":null,"og_article_section":null,"og_article_tags":null,"twitter_use_og":false,"twitter_card":"default","twitter_image_type":"default","twitter_image_url":null,"twitter_image_custom_url":null,"twitter_image_custom_fields":null,"twitter_title":null,"twitter_description":null,"schema":{"blockGraphs":[],"customGraphs":[],"default":{"data":{"Article":[],"Course":[],"Dataset":[],"FAQPage":[],"Movie":[],"Person":[],"Product":[],"ProductReview":[],"Car":[],"Recipe":[],"Service":[],"SoftwareApplication":[],"WebPage":[]},"graphName":"","isEnabled":true},"graphs":[]},"schema_type":"default","schema_type_options":null,"pillar_content":false,"robots_default":true,"robots_noindex":false,"robots_noarchive":false,"robots_nosnippet":false,"robots_nofollow":false,"robots_noimageindex":false,"robots_noodp":false,"robots_notranslate":false,"robots_max_snippet":null,"robots_max_videopreview":null,"robots_max_imagepreview":"large","priority":null,"frequency":null,"local_seo":null,"seo_analyzer_scan_date":"2025-12-19 09:07:04","breadcrumb_settings":null,"limit_modified_date":false,"reviewed_by":null,"open_ai":null,"ai":null,"created":"2025-12-19 09:07:04","updated":"2025-12-19 09:13:24"},"aioseo_breadcrumb":"<div class=\"aioseo-breadcrumbs\"><span class=\"aioseo-breadcrumb\">\n\t<a href=\"https:\/\/www.schrott-cremer.de\" title=\"Home\">Home<\/a>\n<\/span><span class=\"aioseo-breadcrumb-separator\">&raquo;<\/span><span class=\"aioseo-breadcrumb\">\n\tDatenschutz\n<\/span><\/div>","aioseo_breadcrumb_json":[{"label":"Home","link":"https:\/\/www.schrott-cremer.de"},{"label":"Datenschutz","link":"https:\/\/www.schrott-cremer.de\/index.php\/datenschutz\/"}],"_links":{"self":[{"href":"https:\/\/www.schrott-cremer.de\/index.php\/wp-json\/wp\/v2\/pages\/702","targetHints":{"allow":["GET"]}}],"collection":[{"href":"https:\/\/www.schrott-cremer.de\/index.php\/wp-json\/wp\/v2\/pages"}],"about":[{"href":"https:\/\/www.schrott-cremer.de\/index.php\/wp-json\/wp\/v2\/types\/page"}],"author":[{"embeddable":true,"href":"https:\/\/www.schrott-cremer.de\/index.php\/wp-json\/wp\/v2\/users\/1"}],"replies":[{"embeddable":true,"href":"https:\/\/www.schrott-cremer.de\/index.php\/wp-json\/wp\/v2\/comments?post=702"}],"version-history":[{"count":10,"href":"https:\/\/www.schrott-cremer.de\/index.php\/wp-json\/wp\/v2\/pages\/702\/revisions"}],"predecessor-version":[{"id":724,"href":"https:\/\/www.schrott-cremer.de\/index.php\/wp-json\/wp\/v2\/pages\/702\/revisions\/724"}],"wp:attachment":[{"href":"https:\/\/www.schrott-cremer.de\/index.php\/wp-json\/wp\/v2\/media?parent=702"}],"curies":[{"name":"wp","href":"https:\/\/api.w.org\/{rel}","templated":true}]}}